{"id":889,"date":"2021-01-26T12:50:23","date_gmt":"2021-01-26T11:50:23","guid":{"rendered":"https:\/\/durlemshop.up-studio.lu\/shop\/?post_type=product&#038;p=889"},"modified":"2026-01-05T13:48:45","modified_gmt":"2026-01-05T12:48:45","slug":"cartouche-df-la50-a-joint-torique-bobinee-polypropylene-50%ce%bc-lavable","status":"publish","type":"product","link":"https:\/\/durlem.be\/shop\/produit\/cartouche-df-la50-a-joint-torique-bobinee-polypropylene-50%ce%bc-lavable\/","title":{"rendered":"Cartouche DF-LA50 \u00e0 joint torique Polypropyl\u00e8ne (lavable)"},"content":{"rendered":"","protected":false},"excerpt":{"rendered":"<p>Cartouche \u00e0 joint torique Bobin\u00e9e polypropyl\u00e8ne 50\u03bc (lavable)<\/p>\n","protected":false},"featured_media":1783,"template":"","meta":[],"product_brand":[],"product_cat":[20,39],"product_tag":[],"class_list":{"0":"post-889","1":"product","2":"type-product","3":"status-publish","4":"has-post-thumbnail","6":"product_cat-filtres-accessoires","7":"product_cat-cartouches-pour-filtres-simplex-duplex","8":"product_shipping_class-moyen","10":"first","11":"instock","12":"taxable","13":"shipping-taxable","14":"purchasable","15":"product-type-simple"},"_links":{"self":[{"href":"https:\/\/durlem.be\/shop\/wp-json\/wp\/v2\/product\/889","targetHints":{"allow":["GET"]}}],"collection":[{"href":"https:\/\/durlem.be\/shop\/wp-json\/wp\/v2\/product"}],"about":[{"href":"https:\/\/durlem.be\/shop\/wp-json\/wp\/v2\/types\/product"}],"version-history":[{"count":3,"href":"https:\/\/durlem.be\/shop\/wp-json\/wp\/v2\/product\/889\/revisions"}],"predecessor-version":[{"id":2866,"href":"https:\/\/durlem.be\/shop\/wp-json\/wp\/v2\/product\/889\/revisions\/2866"}],"wp:featuredmedia":[{"embeddable":true,"href":"https:\/\/durlem.be\/shop\/wp-json\/wp\/v2\/media\/1783"}],"wp:attachment":[{"href":"https:\/\/durlem.be\/shop\/wp-json\/wp\/v2\/media?parent=889"}],"wp:term":[{"taxonomy":"product_brand","embeddable":true,"href":"https:\/\/durlem.be\/shop\/wp-json\/wp\/v2\/product_brand?post=889"},{"taxonomy":"product_cat","embeddable":true,"href":"https:\/\/durlem.be\/shop\/wp-json\/wp\/v2\/product_cat?post=889"},{"taxonomy":"product_tag","embeddable":true,"href":"https:\/\/durlem.be\/shop\/wp-json\/wp\/v2\/product_tag?post=889"}],"curies":[{"name":"wp","href":"https:\/\/api.w.org\/{rel}","templated":true}]}}