{"id":846,"date":"2021-01-20T11:54:37","date_gmt":"2021-01-20T10:54:37","guid":{"rendered":"https:\/\/durlemshop.up-studio.lu\/shop\/?post_type=product&#038;p=846"},"modified":"2026-01-05T13:48:45","modified_gmt":"2026-01-05T12:48:45","slug":"filtre-opure-water","status":"publish","type":"product","link":"https:\/\/durlem.be\/shop\/produit\/filtre-opure-water\/","title":{"rendered":"Kit O\u2019Pure Water"},"content":{"rendered":"<p><strong>Sp\u00e9cial PFAS<\/strong><br \/>\nLe charbon actif haute densit\u00e9 est \u00e9galement un moyen efficace pour \u00e9liminer les PFAS (Substances per et polyfluoroalkyl\u00e9es) de l\u2019eau. Il absorbe les PFAS sur sa surface et les emp\u00eache de migrer dans l\u2019environnement.<\/p>\n<p><strong>Plastic Free<br \/>\n<\/strong>Avec le filtre, l\u2019eau potable purifi\u00e9e de cette mani\u00e8re est une alternative bon march\u00e9 \u00e0 l\u2019eau en bouteille !<br \/>\nDites stop aux bouteilles en plastique !<\/p>\n<p>Veillez \u00e0 remplacer les cartouches une fois satur\u00e9es pour conserver leur efficacit\u00e9.<\/p>\n","protected":false},"excerpt":{"rendered":"<p>Pour boire et cuisiner<\/p>\n<p>Le nouveau kit O\u2019Pure Water est le moyen simple et efficace de vous procurer une eau d\u00e9barrass\u00e9e des odeurs de chlorine (CTO), des mati\u00e8res organiques en suspension (VOC), des r\u00e9sidus de plomb (PB models). Le kit O\u2019Pure Water est livr\u00e9 complet avec la cartouche, le tuyau de raccordement et les raccords pour \u00eatre raccord\u00e9 directement sur le robinet d\u2019arr\u00eat de votre mitigeur de cuisine.<\/p>\n<p><span style=\"color: #ff5300;\"><strong>Livraison gratuite !<\/strong><\/span><\/p>\n","protected":false},"featured_media":3290,"template":"","meta":[],"product_brand":[],"product_cat":[105,22],"product_tag":[],"class_list":{"0":"post-846","1":"product","2":"type-product","3":"status-publish","4":"has-post-thumbnail","6":"product_cat-opure-water","7":"product_cat-traitement-eau","8":"product_shipping_class-gratuit","10":"first","11":"instock","12":"taxable","13":"shipping-taxable","14":"purchasable","15":"product-type-simple"},"_links":{"self":[{"href":"https:\/\/durlem.be\/shop\/wp-json\/wp\/v2\/product\/846","targetHints":{"allow":["GET"]}}],"collection":[{"href":"https:\/\/durlem.be\/shop\/wp-json\/wp\/v2\/product"}],"about":[{"href":"https:\/\/durlem.be\/shop\/wp-json\/wp\/v2\/types\/product"}],"version-history":[{"count":5,"href":"https:\/\/durlem.be\/shop\/wp-json\/wp\/v2\/product\/846\/revisions"}],"predecessor-version":[{"id":3356,"href":"https:\/\/durlem.be\/shop\/wp-json\/wp\/v2\/product\/846\/revisions\/3356"}],"wp:featuredmedia":[{"embeddable":true,"href":"https:\/\/durlem.be\/shop\/wp-json\/wp\/v2\/media\/3290"}],"wp:attachment":[{"href":"https:\/\/durlem.be\/shop\/wp-json\/wp\/v2\/media?parent=846"}],"wp:term":[{"taxonomy":"product_brand","embeddable":true,"href":"https:\/\/durlem.be\/shop\/wp-json\/wp\/v2\/product_brand?post=846"},{"taxonomy":"product_cat","embeddable":true,"href":"https:\/\/durlem.be\/shop\/wp-json\/wp\/v2\/product_cat?post=846"},{"taxonomy":"product_tag","embeddable":true,"href":"https:\/\/durlem.be\/shop\/wp-json\/wp\/v2\/product_tag?post=846"}],"curies":[{"name":"wp","href":"https:\/\/api.w.org\/{rel}","templated":true}]}}