{"id":456,"date":"2020-01-22T13:50:20","date_gmt":"2020-01-22T12:50:20","guid":{"rendered":"http:\/\/durlem.be\/shop\/?post_type=product&#038;p=456"},"modified":"2026-01-05T13:48:36","modified_gmt":"2026-01-05T12:48:36","slug":"station-purification-puro","status":"publish","type":"product","link":"https:\/\/durlem.be\/shop\/produit\/station-purification-puro\/","title":{"rendered":"Station purification PUR&rsquo;O"},"content":{"rendered":"<p><strong>Sp\u00e9cial PFAS<\/strong><br \/>\nLe charbon actif haute densit\u00e9 est \u00e9galement un moyen efficace pour \u00e9liminer les PFAS (Substances per et polyfluoroalkyl\u00e9es) de l\u2019eau. Il absorbe les PFAS sur sa surface et les emp\u00eache de migrer dans l\u2019environnement.<\/p>\n<p><strong>Plastic Free<br \/>\n<\/strong>Dites stop aux bouteilles en plastique !<strong><br \/>\n<\/strong><\/p>\n<p>Pr\u00e9voir un remplacement de la cartouche entre 6 mois et 1 an en fonction du volume d\u2019eau trait\u00e9<\/p>\n","protected":false},"excerpt":{"rendered":"<p>La nouvelle station PUR\u2019O est le moyen simple et efficace de vous procurer dans toute la maison une eau d\u00e9barrass\u00e9e des odeurs de chlorine (CTO), des mati\u00e8res organiques en suspension (VOC), des r\u00e9sidus de plomb (PB models). L\u2019eau filtr\u00e9e avec le PUR\u2019O a un go\u00fbt \u00e9quilibr\u00e9 et pourra convenir \u00e0 toute la famille.<\/p>\n<p>Id\u00e9al \u00e0 placer apr\u00e8s votre compteur d\u2019eau ou votre adoucisseur Durlem<\/p>\n","protected":false},"featured_media":1612,"template":"","meta":[],"product_brand":[],"product_cat":[106,22],"product_tag":[],"class_list":{"0":"post-456","1":"product","2":"type-product","3":"status-publish","4":"has-post-thumbnail","6":"product_cat-station-purification","7":"product_cat-traitement-eau","8":"product_shipping_class-moyen","10":"first","11":"instock","12":"taxable","13":"shipping-taxable","14":"purchasable","15":"product-type-simple"},"_links":{"self":[{"href":"https:\/\/durlem.be\/shop\/wp-json\/wp\/v2\/product\/456","targetHints":{"allow":["GET"]}}],"collection":[{"href":"https:\/\/durlem.be\/shop\/wp-json\/wp\/v2\/product"}],"about":[{"href":"https:\/\/durlem.be\/shop\/wp-json\/wp\/v2\/types\/product"}],"version-history":[{"count":4,"href":"https:\/\/durlem.be\/shop\/wp-json\/wp\/v2\/product\/456\/revisions"}],"predecessor-version":[{"id":2422,"href":"https:\/\/durlem.be\/shop\/wp-json\/wp\/v2\/product\/456\/revisions\/2422"}],"wp:featuredmedia":[{"embeddable":true,"href":"https:\/\/durlem.be\/shop\/wp-json\/wp\/v2\/media\/1612"}],"wp:attachment":[{"href":"https:\/\/durlem.be\/shop\/wp-json\/wp\/v2\/media?parent=456"}],"wp:term":[{"taxonomy":"product_brand","embeddable":true,"href":"https:\/\/durlem.be\/shop\/wp-json\/wp\/v2\/product_brand?post=456"},{"taxonomy":"product_cat","embeddable":true,"href":"https:\/\/durlem.be\/shop\/wp-json\/wp\/v2\/product_cat?post=456"},{"taxonomy":"product_tag","embeddable":true,"href":"https:\/\/durlem.be\/shop\/wp-json\/wp\/v2\/product_tag?post=456"}],"curies":[{"name":"wp","href":"https:\/\/api.w.org\/{rel}","templated":true}]}}