{"id":358,"date":"2020-01-16T17:54:48","date_gmt":"2020-01-16T16:54:48","guid":{"rendered":"http:\/\/durlem.be\/shop\/?post_type=product&#038;p=358"},"modified":"2026-03-31T15:02:44","modified_gmt":"2026-03-31T13:02:44","slug":"veasy","status":"publish","type":"product","link":"https:\/\/durlem.be\/shop\/produit\/veasy\/","title":{"rendered":"VEasy"},"content":{"rendered":"<p><strong>Avantages<\/strong><br \/>\n\u2022 Sans \u00e9lectricit\u00e9<br \/>\n\u2022 Economique en eau<br \/>\n\u2022 D\u00e9bit d\u2019eau \u00e9lev\u00e9<br \/>\n\u2022 R\u00e9g\u00e9n\u00e9ration rapide<br \/>\n\u2022 Faible consommation sel<br \/>\n\u2022 Pastilles de sel standard<br \/>\n\u2022 Mise en service gratuite<\/p>\n<p><strong>Livr\u00e9 avec<\/strong><br \/>\n\u2022 Flexibles de raccordement<br \/>\n\u2022 Tuyaux de d\u00e9charge<br \/>\n\u2022 ByPass int\u00e9gr\u00e9<\/p>\n<p><strong>Mise en service gratuite<\/strong><br \/>\nProtect : la solution pour un entretien annuel \u00e0 prix r\u00e9duit.<br \/>\nsav@durlem.be<\/p>\n<p><strong>Garantie 2 ans * date de facturation<\/strong><br \/>\nPi\u00e8ces, main d\u2019oeuvre et d\u00e9placement compris en Belgique.<br \/>\n* Sous r\u00e9serve d\u2019une installation conforme<\/p>\n","protected":false},"excerpt":{"rendered":"<p>L\u2019adoucisseur d\u2019eau sans \u00e9lectricit\u00e9 VEasy est un appareil ultra simple sans option, efficace et \u00e9conomique. Il fonctionne sans \u00e9lectricit\u00e9, uniquement avec la pression de l\u2019eau. Il allonge la dur\u00e9e de vie de nos appareils \u00e9lectro-m\u00e9nagers et diminue la consommation de d\u00e9tergents \u00e0 la maison.<\/p>\n<p>Compacts et r\u00e9sistants, les adoucisseurs d\u2019eau VEasy peuvent \u00eatre install\u00e9s sous un \u00e9vier de cuisine, dans une salle de bain, un placard ou encore un cellier. Ils fonctionnent avec les pastilles de sel habituelles pour les adoucisseurs d\u2019eau.<\/p>\n","protected":false},"featured_media":3590,"template":"","meta":[],"product_brand":[],"product_cat":[18,112],"product_tag":[],"class_list":{"0":"post-358","1":"product","2":"type-product","3":"status-publish","4":"has-post-thumbnail","6":"product_cat-adoucisseurs","7":"product_cat-adoucisseurs-deau","8":"product_shipping_class-grand","10":"first","11":"instock","12":"taxable","13":"shipping-taxable","14":"purchasable","15":"product-type-simple"},"_links":{"self":[{"href":"https:\/\/durlem.be\/shop\/wp-json\/wp\/v2\/product\/358","targetHints":{"allow":["GET"]}}],"collection":[{"href":"https:\/\/durlem.be\/shop\/wp-json\/wp\/v2\/product"}],"about":[{"href":"https:\/\/durlem.be\/shop\/wp-json\/wp\/v2\/types\/product"}],"version-history":[{"count":3,"href":"https:\/\/durlem.be\/shop\/wp-json\/wp\/v2\/product\/358\/revisions"}],"predecessor-version":[{"id":2372,"href":"https:\/\/durlem.be\/shop\/wp-json\/wp\/v2\/product\/358\/revisions\/2372"}],"wp:featuredmedia":[{"embeddable":true,"href":"https:\/\/durlem.be\/shop\/wp-json\/wp\/v2\/media\/3590"}],"wp:attachment":[{"href":"https:\/\/durlem.be\/shop\/wp-json\/wp\/v2\/media?parent=358"}],"wp:term":[{"taxonomy":"product_brand","embeddable":true,"href":"https:\/\/durlem.be\/shop\/wp-json\/wp\/v2\/product_brand?post=358"},{"taxonomy":"product_cat","embeddable":true,"href":"https:\/\/durlem.be\/shop\/wp-json\/wp\/v2\/product_cat?post=358"},{"taxonomy":"product_tag","embeddable":true,"href":"https:\/\/durlem.be\/shop\/wp-json\/wp\/v2\/product_tag?post=358"}],"curies":[{"name":"wp","href":"https:\/\/api.w.org\/{rel}","templated":true}]}}