{"id":35,"date":"2019-10-21T11:21:52","date_gmt":"2019-10-21T09:21:52","guid":{"rendered":"http:\/\/durlem.be\/shop\/produit\/import-placeholder-for-799\/"},"modified":"2026-01-05T13:48:18","modified_gmt":"2026-01-05T12:48:18","slug":"kit-triplex-top-rain","status":"publish","type":"product","link":"https:\/\/durlem.be\/shop\/produit\/kit-triplex-top-rain\/","title":{"rendered":"Kit Triplex Top Rain 3\/4"},"content":{"rendered":"<p>Lors de la filtration de l\u2019eau, de petites particules en suspension sont \u00e9limin\u00e9es. Ces particules peuvent \u00eatre compos\u00e9es de sable, argile, rouille, sels insolubles, micro-organismes v\u00e9g\u00e9taux ou animaliers, r\u00e9sidus organiques,&#8230; En filtrant l\u2019eau, vous \u00e9viterez bon nombre de d\u00e9sagr\u00e9ments : eau trouble, d\u00e9p\u00f4ts de r\u00e9sidus, obstructions, formation d\u2019algues, mauvais go\u00fbt, mauvaises odeurs&#8230;<\/p>\n<p>Durlem vous propose une gamme de filtres pour vous \u00e9pargner tous ces probl\u00e8mes. Cette gamme domestique est destin\u00e9e \u00e0 la filtration des eaux de pluie, de puits et de distribution. Simple d\u2019installation et d\u2019utilisation, le filtre Durlem vous fera b\u00e9n\u00e9ficier du confort de l\u2019eau pure.<\/p>\n","protected":false},"excerpt":{"rendered":"<p><strong>Sp\u00e9cial eau de ville + pluie<\/strong><\/p>\n<p>Le filtre Triplex Top Rain un triple filtre \u00e0 travers une cartouche de 90\u03bc pour les impuret\u00e9s + une cartouche pour les impuret\u00e9s de 25\u03bc + 1 cartouche d\u2019am\u00e9lioration du go\u00fbt et \u00e9limination des odeurs \u00e0 travers une cartouche charbon actif de 10 microns.<\/p>\n","protected":false},"featured_media":1550,"template":"","meta":[],"product_brand":[],"product_cat":[20,50],"product_tag":[19],"class_list":{"0":"post-35","1":"product","2":"type-product","3":"status-publish","4":"has-post-thumbnail","6":"product_cat-filtres-accessoires","7":"product_cat-kits-filtres","8":"product_tag-fr","9":"product_shipping_class-moyen","11":"first","12":"instock","13":"taxable","14":"shipping-taxable","15":"purchasable","16":"product-type-simple"},"_links":{"self":[{"href":"https:\/\/durlem.be\/shop\/wp-json\/wp\/v2\/product\/35","targetHints":{"allow":["GET"]}}],"collection":[{"href":"https:\/\/durlem.be\/shop\/wp-json\/wp\/v2\/product"}],"about":[{"href":"https:\/\/durlem.be\/shop\/wp-json\/wp\/v2\/types\/product"}],"version-history":[{"count":5,"href":"https:\/\/durlem.be\/shop\/wp-json\/wp\/v2\/product\/35\/revisions"}],"predecessor-version":[{"id":2078,"href":"https:\/\/durlem.be\/shop\/wp-json\/wp\/v2\/product\/35\/revisions\/2078"}],"wp:featuredmedia":[{"embeddable":true,"href":"https:\/\/durlem.be\/shop\/wp-json\/wp\/v2\/media\/1550"}],"wp:attachment":[{"href":"https:\/\/durlem.be\/shop\/wp-json\/wp\/v2\/media?parent=35"}],"wp:term":[{"taxonomy":"product_brand","embeddable":true,"href":"https:\/\/durlem.be\/shop\/wp-json\/wp\/v2\/product_brand?post=35"},{"taxonomy":"product_cat","embeddable":true,"href":"https:\/\/durlem.be\/shop\/wp-json\/wp\/v2\/product_cat?post=35"},{"taxonomy":"product_tag","embeddable":true,"href":"https:\/\/durlem.be\/shop\/wp-json\/wp\/v2\/product_tag?post=35"}],"curies":[{"name":"wp","href":"https:\/\/api.w.org\/{rel}","templated":true}]}}