{"id":2487,"date":"2025-02-14T14:55:47","date_gmt":"2025-02-14T13:55:47","guid":{"rendered":"https:\/\/durlem.be\/shop-new\/?post_type=product&#038;p=2487"},"modified":"2025-02-14T16:43:44","modified_gmt":"2025-02-14T15:43:44","slug":"osmoseur-purity-max","status":"publish","type":"product","link":"https:\/\/durlem.be\/shop\/produit\/osmoseur-purity-max\/","title":{"rendered":"Osmoseur Purity Max"},"content":{"rendered":"<p class=\"p1\"><strong>Sp\u00e9cial PFAS<\/strong><br \/>\nLe charbon actif haute densit\u00e9 est \u00e9galement un moyen efficace pour \u00e9liminer les PFAS (Substances per et polyfluoroalkyl\u00e9es) de l\u2019eau. Il absorbe les PFAS sur sa surface et les emp\u00eache de migrer dans l\u2019environnement.<\/p>\n<p><strong>Plastic Free<br \/>\n<\/strong>L\u2019eau potable purifi\u00e9e de cette mani\u00e8re est une alternative bon march\u00e9 \u00e0 l\u2019eau en bouteille !<br \/>\nDites stop aux bouteilles en plastique !<\/p>\n","protected":false},"excerpt":{"rendered":"<p class=\"p1\"><strong>La solution en mati\u00e8re de filtrage<\/strong><\/p>\n<p>Le syst\u00e8me Purity Max de Durlem est install\u00e9 sous l\u2019\u00e9vier et fournit une eau claire et cristalline. Le syst\u00e8me \u00e9limine les arri\u00e8re-go\u00fbts et autres odeurs g\u00eanantes de l\u2019eau. La membrane retient en outre de nombreux \u00e9l\u00e9ments chimiques dissous.<\/p>\n<p>&nbsp;<\/p>\n","protected":false},"featured_media":2485,"template":"","meta":[],"product_brand":[],"product_cat":[104,22],"product_tag":[],"class_list":{"0":"post-2487","1":"product","2":"type-product","3":"status-publish","4":"has-post-thumbnail","6":"product_cat-osmoseur","7":"product_cat-traitement-eau","8":"product_shipping_class-grand","10":"first","11":"instock","12":"taxable","13":"shipping-taxable","14":"purchasable","15":"product-type-simple"},"_links":{"self":[{"href":"https:\/\/durlem.be\/shop\/wp-json\/wp\/v2\/product\/2487","targetHints":{"allow":["GET"]}}],"collection":[{"href":"https:\/\/durlem.be\/shop\/wp-json\/wp\/v2\/product"}],"about":[{"href":"https:\/\/durlem.be\/shop\/wp-json\/wp\/v2\/types\/product"}],"version-history":[{"count":1,"href":"https:\/\/durlem.be\/shop\/wp-json\/wp\/v2\/product\/2487\/revisions"}],"predecessor-version":[{"id":2489,"href":"https:\/\/durlem.be\/shop\/wp-json\/wp\/v2\/product\/2487\/revisions\/2489"}],"wp:featuredmedia":[{"embeddable":true,"href":"https:\/\/durlem.be\/shop\/wp-json\/wp\/v2\/media\/2485"}],"wp:attachment":[{"href":"https:\/\/durlem.be\/shop\/wp-json\/wp\/v2\/media?parent=2487"}],"wp:term":[{"taxonomy":"product_brand","embeddable":true,"href":"https:\/\/durlem.be\/shop\/wp-json\/wp\/v2\/product_brand?post=2487"},{"taxonomy":"product_cat","embeddable":true,"href":"https:\/\/durlem.be\/shop\/wp-json\/wp\/v2\/product_cat?post=2487"},{"taxonomy":"product_tag","embeddable":true,"href":"https:\/\/durlem.be\/shop\/wp-json\/wp\/v2\/product_tag?post=2487"}],"curies":[{"name":"wp","href":"https:\/\/api.w.org\/{rel}","templated":true}]}}