{"id":2365,"date":"2019-10-21T10:00:32","date_gmt":"2019-10-21T08:00:32","guid":{"rendered":"https:\/\/durlem.be\/shop-new\/?post_type=product&#038;p=2365"},"modified":"2026-01-05T13:49:04","modified_gmt":"2026-01-05T12:49:04","slug":"kit-simplex-3-4-ok","status":"publish","type":"product","link":"https:\/\/durlem.be\/shop\/produit\/kit-simplex-3-4-ok\/","title":{"rendered":"Kit Simplex 3\/4"},"content":{"rendered":"<p>Lors de la filtration de l\u2019eau, de petites particules en suspension sont \u00e9limin\u00e9es. Ces particules peuvent \u00eatre compos\u00e9es de sable, argile, rouille, sels insolubles, micro-organismes v\u00e9g\u00e9taux ou animaliers, r\u00e9sidus organiques,\u2026 En filtrant l\u2019eau, vous \u00e9viterez bon nombre de d\u00e9sagr\u00e9ments : eau trouble, d\u00e9p\u00f4ts de r\u00e9sidus, obstructions, formation d\u2019algues, mauvais go\u00fbt, mauvaises odeurs\u2026<\/p>\n<p>Durlem vous propose une gamme de filtres pour vous \u00e9pargner tous ces probl\u00e8mes. Cette gamme domestique est destin\u00e9e \u00e0 la filtration des eaux de pluie, de puits et de distribution. Simple d\u2019installation et d\u2019utilisation, le filtre Durlem vous fera b\u00e9n\u00e9ficier du confort de l\u2019eau pure.<\/p>\n","protected":false},"excerpt":{"rendered":"<p><strong>Sp\u00e9cial eau de ville<\/strong><\/p>\n<p>Le filtre Simplex Durlem est un filtre con\u00e7u pour une filtration des impuret\u00e9s 25 microns.<\/p>\n","protected":false},"featured_media":1547,"template":"","meta":[],"product_brand":[],"product_cat":[20,50],"product_tag":[],"class_list":{"0":"post-2365","1":"product","2":"type-product","3":"status-publish","4":"has-post-thumbnail","6":"product_cat-filtres-accessoires","7":"product_cat-kits-filtres","8":"product_shipping_class-moyen","10":"first","11":"instock","12":"taxable","13":"shipping-taxable","14":"purchasable","15":"product-type-simple"},"_links":{"self":[{"href":"https:\/\/durlem.be\/shop\/wp-json\/wp\/v2\/product\/2365","targetHints":{"allow":["GET"]}}],"collection":[{"href":"https:\/\/durlem.be\/shop\/wp-json\/wp\/v2\/product"}],"about":[{"href":"https:\/\/durlem.be\/shop\/wp-json\/wp\/v2\/types\/product"}],"version-history":[{"count":2,"href":"https:\/\/durlem.be\/shop\/wp-json\/wp\/v2\/product\/2365\/revisions"}],"predecessor-version":[{"id":2367,"href":"https:\/\/durlem.be\/shop\/wp-json\/wp\/v2\/product\/2365\/revisions\/2367"}],"wp:featuredmedia":[{"embeddable":true,"href":"https:\/\/durlem.be\/shop\/wp-json\/wp\/v2\/media\/1547"}],"wp:attachment":[{"href":"https:\/\/durlem.be\/shop\/wp-json\/wp\/v2\/media?parent=2365"}],"wp:term":[{"taxonomy":"product_brand","embeddable":true,"href":"https:\/\/durlem.be\/shop\/wp-json\/wp\/v2\/product_brand?post=2365"},{"taxonomy":"product_cat","embeddable":true,"href":"https:\/\/durlem.be\/shop\/wp-json\/wp\/v2\/product_cat?post=2365"},{"taxonomy":"product_tag","embeddable":true,"href":"https:\/\/durlem.be\/shop\/wp-json\/wp\/v2\/product_tag?post=2365"}],"curies":[{"name":"wp","href":"https:\/\/api.w.org\/{rel}","templated":true}]}}