{"id":2252,"date":"2025-02-11T14:28:32","date_gmt":"2025-02-11T13:28:32","guid":{"rendered":"https:\/\/durlem.be\/shop-new\/?post_type=product&#038;p=2252"},"modified":"2026-01-05T13:49:04","modified_gmt":"2026-01-05T12:49:04","slug":"station-de-relevage-durlem-lift","status":"publish","type":"product","link":"https:\/\/durlem.be\/shop\/produit\/station-de-relevage-durlem-lift\/","title":{"rendered":"Station de relevage Durlem Lift"},"content":{"rendered":"<p>Mini-format. M\u00e9ga-puissant.<br \/>\nAvec le poste Durlem Lift S pour eaux grises et eau saumur\u00e9e (rejet d\u2019adoucisseur), tout devient possible<\/p>\n<p>De petites dimensions, de grandes possibilit\u00e9s : le petit poste de relevage Durlem Lift S pr\u00eat au raccordement et destin\u00e9 aux eaux us\u00e9es sans mati\u00e8res f\u00e9cales est adapt\u00e9 \u00e0 une vidange des eaux us\u00e9es de diff\u00e9rents \u00e9quipements sanitaires comme par ex. un \u00e9vier, un lave-vaisselle ou une douche ou un adoucissseur<\/p>\n","protected":false},"excerpt":{"rendered":"<p>Poste de relevage<br \/>\nSp\u00e9cial adoucisseur<\/p>\n","protected":false},"featured_media":2360,"template":"","meta":[],"product_brand":[],"product_cat":[113,18],"product_tag":[],"class_list":{"0":"post-2252","1":"product","2":"type-product","3":"status-publish","4":"has-post-thumbnail","6":"product_cat-accessoires-pour-adoucisseurs","7":"product_cat-adoucisseurs","8":"product_shipping_class-moyen","10":"first","11":"instock","12":"taxable","13":"shipping-taxable","14":"purchasable","15":"product-type-simple"},"_links":{"self":[{"href":"https:\/\/durlem.be\/shop\/wp-json\/wp\/v2\/product\/2252","targetHints":{"allow":["GET"]}}],"collection":[{"href":"https:\/\/durlem.be\/shop\/wp-json\/wp\/v2\/product"}],"about":[{"href":"https:\/\/durlem.be\/shop\/wp-json\/wp\/v2\/types\/product"}],"version-history":[{"count":3,"href":"https:\/\/durlem.be\/shop\/wp-json\/wp\/v2\/product\/2252\/revisions"}],"predecessor-version":[{"id":2361,"href":"https:\/\/durlem.be\/shop\/wp-json\/wp\/v2\/product\/2252\/revisions\/2361"}],"wp:featuredmedia":[{"embeddable":true,"href":"https:\/\/durlem.be\/shop\/wp-json\/wp\/v2\/media\/2360"}],"wp:attachment":[{"href":"https:\/\/durlem.be\/shop\/wp-json\/wp\/v2\/media?parent=2252"}],"wp:term":[{"taxonomy":"product_brand","embeddable":true,"href":"https:\/\/durlem.be\/shop\/wp-json\/wp\/v2\/product_brand?post=2252"},{"taxonomy":"product_cat","embeddable":true,"href":"https:\/\/durlem.be\/shop\/wp-json\/wp\/v2\/product_cat?post=2252"},{"taxonomy":"product_tag","embeddable":true,"href":"https:\/\/durlem.be\/shop\/wp-json\/wp\/v2\/product_tag?post=2252"}],"curies":[{"name":"wp","href":"https:\/\/api.w.org\/{rel}","templated":true}]}}