{"id":1067,"date":"2022-01-05T15:50:21","date_gmt":"2022-01-05T14:50:21","guid":{"rendered":"https:\/\/durlemshop.up-studio.lu\/shop\/?post_type=product&#038;p=1067"},"modified":"2026-01-05T13:48:55","modified_gmt":"2026-01-05T12:48:55","slug":"vslim","status":"publish","type":"product","link":"https:\/\/durlem.be\/shop\/produit\/vslim\/","title":{"rendered":"VSlim+"},"content":{"rendered":"<p><strong>Avantages<\/strong><br \/>\n\u2022 Esth\u00e9tique<br \/>\n\u2022 Ultra-compact<br \/>\n\u2022 Faible consommation<br \/>\n\u2022 Facile \u00e0 installer<br \/>\n\u2022 Mise en service gratuite<\/p>\n<p><strong>Livr\u00e9 avec<\/strong><br \/>\n\u2022 Flexibles de raccordement<br \/>\n\u2022 Tuyaux de d\u00e9charge<br \/>\n\u2022 ByPass int\u00e9gr\u00e9<\/p>\n<p><strong>Mise en service gratuite<\/strong><br \/>\nProtect : la solution pour un entretien annuel \u00e0 prix r\u00e9duit.<br \/>\nsav@durlem.be<\/p>\n<p><strong>Garantie 2 ans * date de facturation<\/strong><br \/>\nPi\u00e8ces, main d\u2019oeuvre et d\u00e9placement compris en Belgique.<br \/>\n* Sous r\u00e9serve d\u2019une installation conforme<\/p>\n","protected":false},"excerpt":{"rendered":"<p>Avec une largeur de seulement 26 cm, le VSlim+ se glisse facilement dans les endroits les plus \u00e9troits et vous procure tout le confort de l\u2019eau adoucie.Une toute nouvelle g\u00e9n\u00e9ration de programmateur \u00e9lectronique facile \u00e0 utiliser, un couvercle coulissant pour le remplissage du sel font de cet appareil une petite r\u00e9volution sur le march\u00e9 des adoucisseurs.<\/p>\n<p>Cet adoucisseur est compos\u00e9 d\u2019une bouteille de r\u00e9sine en composite, un corps en poly\u00e9thyl\u00e8ne haute r\u00e9sistance, une t\u00eate \u00e9lectronique programmable, un bypass incorpor\u00e9 et une vanne de mixage pour r\u00e9gler la duret\u00e9 d\u00e9sir\u00e9e. Le mod\u00e8le VSlim+ b\u00e9n\u00e9ficie d\u2019une grande r\u00e9serve de sel.<\/p>\n","protected":false},"featured_media":1746,"template":"","meta":[],"product_brand":[],"product_cat":[18,112],"product_tag":[],"class_list":{"0":"post-1067","1":"product","2":"type-product","3":"status-publish","4":"has-post-thumbnail","6":"product_cat-adoucisseurs","7":"product_cat-adoucisseurs-deau","8":"product_shipping_class-grand","10":"first","11":"instock","12":"taxable","13":"shipping-taxable","14":"purchasable","15":"product-type-simple"},"_links":{"self":[{"href":"https:\/\/durlem.be\/shop\/wp-json\/wp\/v2\/product\/1067","targetHints":{"allow":["GET"]}}],"collection":[{"href":"https:\/\/durlem.be\/shop\/wp-json\/wp\/v2\/product"}],"about":[{"href":"https:\/\/durlem.be\/shop\/wp-json\/wp\/v2\/types\/product"}],"version-history":[{"count":4,"href":"https:\/\/durlem.be\/shop\/wp-json\/wp\/v2\/product\/1067\/revisions"}],"predecessor-version":[{"id":2382,"href":"https:\/\/durlem.be\/shop\/wp-json\/wp\/v2\/product\/1067\/revisions\/2382"}],"wp:featuredmedia":[{"embeddable":true,"href":"https:\/\/durlem.be\/shop\/wp-json\/wp\/v2\/media\/1746"}],"wp:attachment":[{"href":"https:\/\/durlem.be\/shop\/wp-json\/wp\/v2\/media?parent=1067"}],"wp:term":[{"taxonomy":"product_brand","embeddable":true,"href":"https:\/\/durlem.be\/shop\/wp-json\/wp\/v2\/product_brand?post=1067"},{"taxonomy":"product_cat","embeddable":true,"href":"https:\/\/durlem.be\/shop\/wp-json\/wp\/v2\/product_cat?post=1067"},{"taxonomy":"product_tag","embeddable":true,"href":"https:\/\/durlem.be\/shop\/wp-json\/wp\/v2\/product_tag?post=1067"}],"curies":[{"name":"wp","href":"https:\/\/api.w.org\/{rel}","templated":true}]}}