{"id":2530,"date":"2025-02-14T16:20:36","date_gmt":"2025-02-14T15:20:36","guid":{"rendered":"https:\/\/durlem.be\/shop-new\/?page_id=2530"},"modified":"2025-02-18T01:37:03","modified_gmt":"2025-02-18T00:37:03","slug":"traitement-de-leau","status":"publish","type":"page","link":"https:\/\/durlem.be\/shop\/traitement-de-leau\/","title":{"rendered":"Traitement de l\u2019eau"},"content":{"rendered":"\t\t<div data-elementor-type=\"wp-page\" data-elementor-id=\"2530\" class=\"elementor elementor-2530\" data-elementor-post-type=\"page\">\n\t\t\t\t\t\t<section class=\"elementor-section elementor-top-section elementor-element elementor-element-16b3caa elementor-section-full_width elementor-section-height-default elementor-section-height-default\" data-id=\"16b3caa\" data-element_type=\"section\">\n\t\t\t\t\t\t<div class=\"elementor-container elementor-column-gap-default\">\n\t\t\t\t\t<div class=\"elementor-column elementor-col-50 elementor-top-column elementor-element elementor-element-e9e36aa\" data-id=\"e9e36aa\" data-element_type=\"column\">\n\t\t\t<div class=\"elementor-widget-wrap elementor-element-populated\">\n\t\t\t\t\t\t<div class=\"elementor-element elementor-element-8105a0e elementor-widget elementor-widget-woocommerce-breadcrumb\" data-id=\"8105a0e\" data-element_type=\"widget\" data-widget_type=\"woocommerce-breadcrumb.default\">\n\t\t\t\t<div class=\"elementor-widget-container\">\n\t\t\t\t\t<nav class=\"woocommerce-breadcrumb\" aria-label=\"Breadcrumb\">Accueil<\/nav>\t\t\t\t<\/div>\n\t\t\t\t<\/div>\n\t\t\t\t\t<\/div>\n\t\t<\/div>\n\t\t\t\t<div class=\"elementor-column elementor-col-50 elementor-top-column elementor-element elementor-element-8c5d79c\" data-id=\"8c5d79c\" data-element_type=\"column\">\n\t\t\t<div class=\"elementor-widget-wrap elementor-element-populated\">\n\t\t\t\t\t\t<div class=\"elementor-element elementor-element-eaafa59 elementor-widget elementor-widget-search\" data-id=\"eaafa59\" data-element_type=\"widget\" data-settings=\"{&quot;submit_trigger&quot;:&quot;click_submit&quot;,&quot;pagination_type_options&quot;:&quot;none&quot;}\" data-widget_type=\"search.default\">\n\t\t\t\t<div class=\"elementor-widget-container\">\n\t\t\t\t\t\t\t<search class=\"e-search hidden\" role=\"search\">\n\t\t\t<form class=\"e-search-form\" action=\"https:\/\/durlem.be\/shop\" method=\"get\">\n\n\t\t\t\t\n\t\t\t\t<label class=\"e-search-label\" for=\"search-eaafa59\">\n\t\t\t\t\t<span class=\"elementor-screen-only\">\n\t\t\t\t\t\tRechercher \t\t\t\t\t<\/span>\n\t\t\t\t\t\t\t\t\t<\/label>\n\n\t\t\t\t<div class=\"e-search-input-wrapper\">\n\t\t\t\t\t<input id=\"search-eaafa59\" placeholder=\"Rechercher un produit\" class=\"e-search-input\" type=\"search\" name=\"s\" value=\"\" autocomplete=\"off\" role=\"combobox\" aria-autocomplete=\"list\" aria-expanded=\"false\" aria-controls=\"results-eaafa59\" aria-haspopup=\"listbox\">\n\t\t\t\t\t<svg aria-hidden=\"true\" class=\"e-font-icon-svg e-fas-times\" viewBox=\"0 0 352 512\" xmlns=\"http:\/\/www.w3.org\/2000\/svg\"><path d=\"M242.72 256l100.07-100.07c12.28-12.28 12.28-32.19 0-44.48l-22.24-22.24c-12.28-12.28-32.19-12.28-44.48 0L176 189.28 75.93 89.21c-12.28-12.28-32.19-12.28-44.48 0L9.21 111.45c-12.28 12.28-12.28 32.19 0 44.48L109.28 256 9.21 356.07c-12.28 12.28-12.28 32.19 0 44.48l22.24 22.24c12.28 12.28 32.2 12.28 44.48 0L176 322.72l100.07 100.07c12.28 12.28 32.2 12.28 44.48 0l22.24-22.24c12.28-12.28 12.28-32.19 0-44.48L242.72 256z\"><\/path><\/svg>\t\t\t\t\t\t\t\t\t\t<output id=\"results-eaafa59\" class=\"e-search-results-container hide-loader\" aria-live=\"polite\" aria-atomic=\"true\" aria-label=\"Results for search\" tabindex=\"0\">\n\t\t\t\t\t\t<div class=\"e-search-results\"><\/div>\n\t\t\t\t\t\t\t\t\t\t\t<\/output>\n\t\t\t\t\t\t\t\t\t<\/div>\n\t\t\t\t\n\t\t\t\t\n\t\t\t\t<button class=\"e-search-submit  \" type=\"submit\">\n\t\t\t\t\t<svg aria-hidden=\"true\" class=\"e-font-icon-svg e-fas-search\" viewBox=\"0 0 512 512\" xmlns=\"http:\/\/www.w3.org\/2000\/svg\"><path d=\"M505 442.7L405.3 343c-4.5-4.5-10.6-7-17-7H372c27.6-35.3 44-79.7 44-128C416 93.1 322.9 0 208 0S0 93.1 0 208s93.1 208 208 208c48.3 0 92.7-16.4 128-44v16.3c0 6.4 2.5 12.5 7 17l99.7 99.7c9.4 9.4 24.6 9.4 33.9 0l28.3-28.3c9.4-9.4 9.4-24.6.1-34zM208 336c-70.7 0-128-57.2-128-128 0-70.7 57.2-128 128-128 70.7 0 128 57.2 128 128 0 70.7-57.2 128-128 128z\"><\/path><\/svg>\n\t\t\t\t\t\t\t\t\t\t<span class=\"\">\n\t\t\t\t\t\tRechercher \t\t\t\t\t<\/span>\n\t\t\t\t\t\t\t\t\t<\/button>\n\t\t\t\t<input type=\"hidden\" name=\"e_search_props\" value=\"eaafa59-2530\">\n\t\t\t<\/form>\n\t\t<\/search>\n\t\t\t\t\t\t<\/div>\n\t\t\t\t<\/div>\n\t\t\t\t\t<\/div>\n\t\t<\/div>\n\t\t\t\t\t<\/div>\n\t\t<\/section>\n\t\t\t\t<section class=\"elementor-section elementor-top-section elementor-element elementor-element-bdf6362 elementor-section-full_width elementor-section-height-default elementor-section-height-default\" data-id=\"bdf6362\" data-element_type=\"section\">\n\t\t\t\t\t\t<div class=\"elementor-container elementor-column-gap-default\">\n\t\t\t\t\t<div class=\"elementor-column elementor-col-100 elementor-top-column elementor-element elementor-element-475208b\" data-id=\"475208b\" data-element_type=\"column\">\n\t\t\t<div class=\"elementor-widget-wrap elementor-element-populated\">\n\t\t\t\t\t\t<section class=\"elementor-section elementor-inner-section elementor-element elementor-element-dbca9a0 elementor-section-full_width elementor-section-height-default elementor-section-height-default\" data-id=\"dbca9a0\" data-element_type=\"section\">\n\t\t\t\t\t\t<div class=\"elementor-container elementor-column-gap-default\">\n\t\t\t\t\t<div class=\"elementor-column elementor-col-33 elementor-inner-column elementor-element elementor-element-106cbb0\" data-id=\"106cbb0\" data-element_type=\"column\">\n\t\t\t<div class=\"elementor-widget-wrap elementor-element-populated\">\n\t\t\t\t\t\t<div class=\"elementor-element elementor-element-358e7f7 elementor-grid-1 elementor-grid-tablet-3 elementor-grid-mobile-2 elementor-products-grid elementor-wc-products elementor-widget elementor-widget-wc-categories\" data-id=\"358e7f7\" data-element_type=\"widget\" data-widget_type=\"wc-categories.default\">\n\t\t\t\t<div class=\"elementor-widget-container\">\n\t\t\t\t\t<div class=\"woocommerce columns-1\"><ul class=\"products elementor-grid columns-1\">\n<li class=\"product-category product first\">\n\t<a aria-label=\"Acc\u00e9der \u00e0 la cat\u00e9gorie de produits Filtres Ultra V\" href=\"https:\/\/durlem.be\/shop\/categorie-produit\/traitement-eau\/filtres-ultra-v\/\"><img fetchpriority=\"high\" decoding=\"async\" src=\"https:\/\/durlem.be\/shop\/wp-content\/uploads\/woocommerce-placeholder-900x900.png\" alt=\"Filtres Ultra V\" width=\"900\" height=\"900\" \/>\t\t<h2 class=\"woocommerce-loop-category__title\">\n\t\t\tFiltres Ultra V <mark class=\"count\">(1)<\/mark>\t\t<\/h2>\n\t\t<\/a><\/li>\n<li class=\"product-category product first\">\n\t<a aria-label=\"Acc\u00e9der \u00e0 la cat\u00e9gorie de produits Fontaines\" href=\"https:\/\/durlem.be\/shop\/categorie-produit\/traitement-eau\/fontaines\/\"><img decoding=\"async\" src=\"https:\/\/durlem.be\/shop\/wp-content\/uploads\/woocommerce-placeholder-900x900.png\" alt=\"Fontaines\" width=\"900\" height=\"900\" \/>\t\t<h2 class=\"woocommerce-loop-category__title\">\n\t\t\tFontaines <mark class=\"count\">(2)<\/mark>\t\t<\/h2>\n\t\t<\/a><\/li>\n<li class=\"product-category product first\">\n\t<a aria-label=\"Acc\u00e9der \u00e0 la cat\u00e9gorie de produits O\u2019Pure Water\" href=\"https:\/\/durlem.be\/shop\/categorie-produit\/traitement-eau\/opure-water\/\"><img decoding=\"async\" src=\"https:\/\/durlem.be\/shop\/wp-content\/uploads\/woocommerce-placeholder-900x900.png\" alt=\"O\u2019Pure Water\" width=\"900\" height=\"900\" \/>\t\t<h2 class=\"woocommerce-loop-category__title\">\n\t\t\tO\u2019Pure Water <mark class=\"count\">(1)<\/mark>\t\t<\/h2>\n\t\t<\/a><\/li>\n<li class=\"product-category product first\">\n\t<a aria-label=\"Acc\u00e9der \u00e0 la cat\u00e9gorie de produits Osmoseur\" href=\"https:\/\/durlem.be\/shop\/categorie-produit\/traitement-eau\/osmoseur\/\"><img loading=\"lazy\" decoding=\"async\" src=\"https:\/\/durlem.be\/shop\/wp-content\/uploads\/woocommerce-placeholder-900x900.png\" alt=\"Osmoseur\" width=\"900\" height=\"900\" \/>\t\t<h2 class=\"woocommerce-loop-category__title\">\n\t\t\tOsmoseur <mark class=\"count\">(2)<\/mark>\t\t<\/h2>\n\t\t<\/a><\/li>\n<li class=\"product-category product first\">\n\t<a aria-label=\"Acc\u00e9der \u00e0 la cat\u00e9gorie de produits Station de purification\" href=\"https:\/\/durlem.be\/shop\/categorie-produit\/traitement-eau\/station-purification\/\"><img loading=\"lazy\" decoding=\"async\" src=\"https:\/\/durlem.be\/shop\/wp-content\/uploads\/woocommerce-placeholder-900x900.png\" alt=\"Station de purification\" width=\"900\" height=\"900\" \/>\t\t<h2 class=\"woocommerce-loop-category__title\">\n\t\t\tStation de purification <mark class=\"count\">(1)<\/mark>\t\t<\/h2>\n\t\t<\/a><\/li>\n<\/ul>\n<\/div>\t\t\t\t<\/div>\n\t\t\t\t<\/div>\n\t\t\t\t\t<\/div>\n\t\t<\/div>\n\t\t\t\t<div class=\"elementor-column elementor-col-33 elementor-inner-column elementor-element elementor-element-975b852\" data-id=\"975b852\" data-element_type=\"column\">\n\t\t\t<div class=\"elementor-widget-wrap\">\n\t\t\t\t\t\t\t<\/div>\n\t\t<\/div>\n\t\t\t\t<div class=\"elementor-column elementor-col-33 elementor-inner-column elementor-element elementor-element-bc3a33e\" data-id=\"bc3a33e\" data-element_type=\"column\">\n\t\t\t<div class=\"elementor-widget-wrap elementor-element-populated\">\n\t\t\t\t\t\t<div class=\"elementor-element elementor-element-fa00d71 elementor-product-loop-item--align-left elementor-grid-3 elementor-grid-tablet-3 elementor-grid-mobile-2 elementor-products-grid elementor-wc-products elementor-widget elementor-widget-woocommerce-products\" data-id=\"fa00d71\" data-element_type=\"widget\" data-widget_type=\"woocommerce-products.default\">\n\t\t\t\t<div class=\"elementor-widget-container\">\n\t\t\t\t\t<div class=\"woocommerce columns-3 \"><ul class=\"products elementor-grid columns-3\">\n<li class=\"product type-product post-456 status-publish first instock product_cat-station-purification product_cat-traitement-eau has-post-thumbnail taxable shipping-taxable purchasable product-type-simple\">\n\t<a href=\"https:\/\/durlem.be\/shop\/produit\/station-purification-puro\/\" class=\"woocommerce-LoopProduct-link woocommerce-loop-product__link\"><img loading=\"lazy\" decoding=\"async\" width=\"900\" height=\"900\" src=\"https:\/\/durlem.be\/shop\/wp-content\/uploads\/2020\/01\/puro_face_LD-900x900.jpg\" class=\"attachment-woocommerce_thumbnail size-woocommerce_thumbnail\" alt=\"Station purification PUR&#039;O\" srcset=\"https:\/\/durlem.be\/shop\/wp-content\/uploads\/2020\/01\/puro_face_LD-900x900.jpg 900w, https:\/\/durlem.be\/shop\/wp-content\/uploads\/2020\/01\/puro_face_LD-100x100.jpg 100w, https:\/\/durlem.be\/shop\/wp-content\/uploads\/2020\/01\/puro_face_LD-300x300.jpg 300w, https:\/\/durlem.be\/shop\/wp-content\/uploads\/2020\/01\/puro_face_LD-150x150.jpg 150w, https:\/\/durlem.be\/shop\/wp-content\/uploads\/2020\/01\/puro_face_LD-768x768.jpg 768w, https:\/\/durlem.be\/shop\/wp-content\/uploads\/2020\/01\/puro_face_LD-650x650.jpg 650w, https:\/\/durlem.be\/shop\/wp-content\/uploads\/2020\/01\/puro_face_LD.jpg 945w\" sizes=\"(max-width: 900px) 100vw, 900px\" \/><h2 class=\"woocommerce-loop-product__title\">Station purification PUR&rsquo;O<\/h2>\n\t<span class=\"price\"><span class=\"woocommerce-Price-amount amount\"><bdi>240,79<span class=\"woocommerce-Price-currencySymbol\">&euro;<\/span><\/bdi><\/span> <span class=\"price-tvac\">TVAC<\/span><\/span>\n<\/a><div class=\"woocommerce-loop-product__buttons\"><a href=\"\/shop\/wp-json\/wp\/v2\/pages\/2530?add-to-cart=456\" aria-describedby=\"woocommerce_loop_add_to_cart_link_describedby_456\" data-quantity=\"1\" class=\"button product_type_simple add_to_cart_button ajax_add_to_cart\" data-product_id=\"456\" data-product_sku=\"73043F\" aria-label=\"Ajouter au panier\u00a0: &ldquo;Station purification PUR&#039;O&rdquo;\" rel=\"nofollow\" data-success_message=\"\u00ab\u00a0Station purification PUR&#039;O\u00a0\u00bb a \u00e9t\u00e9 ajout\u00e9 \u00e0 votre panier\" role=\"button\">Ajouter au panier<\/a><\/div>\t<span id=\"woocommerce_loop_add_to_cart_link_describedby_456\" class=\"screen-reader-text\">\n\t\t\t<\/span>\n<\/li>\n<li class=\"product type-product post-31 status-publish instock product_cat-fontaines product_cat-traitement-eau product_tag-fr has-post-thumbnail taxable shipping-taxable purchasable product-type-simple\">\n\t<a href=\"https:\/\/durlem.be\/shop\/produit\/fontaine-pied\/\" class=\"woocommerce-LoopProduct-link woocommerce-loop-product__link\"><img loading=\"lazy\" decoding=\"async\" width=\"900\" height=\"900\" src=\"https:\/\/durlem.be\/shop\/wp-content\/uploads\/2019\/10\/fontaine-pied-2024-900x900.jpg\" class=\"attachment-woocommerce_thumbnail size-woocommerce_thumbnail\" alt=\"Fontaine sur pied\" srcset=\"https:\/\/durlem.be\/shop\/wp-content\/uploads\/2019\/10\/fontaine-pied-2024-900x900.jpg 900w, https:\/\/durlem.be\/shop\/wp-content\/uploads\/2019\/10\/fontaine-pied-2024-100x100.jpg 100w, https:\/\/durlem.be\/shop\/wp-content\/uploads\/2019\/10\/fontaine-pied-2024-300x300.jpg 300w, https:\/\/durlem.be\/shop\/wp-content\/uploads\/2019\/10\/fontaine-pied-2024-150x150.jpg 150w, https:\/\/durlem.be\/shop\/wp-content\/uploads\/2019\/10\/fontaine-pied-2024-768x768.jpg 768w, https:\/\/durlem.be\/shop\/wp-content\/uploads\/2019\/10\/fontaine-pied-2024-650x650.jpg 650w, https:\/\/durlem.be\/shop\/wp-content\/uploads\/2019\/10\/fontaine-pied-2024.jpg 945w\" sizes=\"(max-width: 900px) 100vw, 900px\" \/><h2 class=\"woocommerce-loop-product__title\">Fontaine sur pied<\/h2>\n\t<span class=\"price\"><span class=\"woocommerce-Price-amount amount\"><bdi>1 270,50<span class=\"woocommerce-Price-currencySymbol\">&euro;<\/span><\/bdi><\/span> <span class=\"price-tvac\">TVAC<\/span><\/span>\n<\/a><div class=\"woocommerce-loop-product__buttons\"><a href=\"\/shop\/wp-json\/wp\/v2\/pages\/2530?add-to-cart=31\" aria-describedby=\"woocommerce_loop_add_to_cart_link_describedby_31\" data-quantity=\"1\" class=\"button product_type_simple add_to_cart_button ajax_add_to_cart\" data-product_id=\"31\" data-product_sku=\"93001F\" aria-label=\"Ajouter au panier\u00a0: &ldquo;Fontaine sur pied&rdquo;\" rel=\"nofollow\" data-success_message=\"\u00ab\u00a0Fontaine sur pied\u00a0\u00bb a \u00e9t\u00e9 ajout\u00e9 \u00e0 votre panier\" role=\"button\">Ajouter au panier<\/a><\/div>\t<span id=\"woocommerce_loop_add_to_cart_link_describedby_31\" class=\"screen-reader-text\">\n\t\t\t<\/span>\n<\/li>\n<li class=\"product type-product post-487 status-publish last instock product_cat-fontaines product_cat-traitement-eau has-post-thumbnail taxable shipping-taxable purchasable product-type-simple\">\n\t<a href=\"https:\/\/durlem.be\/shop\/produit\/fontaine-table\/\" class=\"woocommerce-LoopProduct-link woocommerce-loop-product__link\"><img loading=\"lazy\" decoding=\"async\" width=\"900\" height=\"900\" src=\"https:\/\/durlem.be\/shop\/wp-content\/uploads\/2020\/06\/fontaine-table-2024-900x900.jpg\" class=\"attachment-woocommerce_thumbnail size-woocommerce_thumbnail\" alt=\"Fontaine sur table\" srcset=\"https:\/\/durlem.be\/shop\/wp-content\/uploads\/2020\/06\/fontaine-table-2024-900x900.jpg 900w, https:\/\/durlem.be\/shop\/wp-content\/uploads\/2020\/06\/fontaine-table-2024-100x100.jpg 100w, https:\/\/durlem.be\/shop\/wp-content\/uploads\/2020\/06\/fontaine-table-2024-300x300.jpg 300w, https:\/\/durlem.be\/shop\/wp-content\/uploads\/2020\/06\/fontaine-table-2024-150x150.jpg 150w, https:\/\/durlem.be\/shop\/wp-content\/uploads\/2020\/06\/fontaine-table-2024-768x768.jpg 768w, https:\/\/durlem.be\/shop\/wp-content\/uploads\/2020\/06\/fontaine-table-2024-650x650.jpg 650w, https:\/\/durlem.be\/shop\/wp-content\/uploads\/2020\/06\/fontaine-table-2024.jpg 945w\" sizes=\"(max-width: 900px) 100vw, 900px\" \/><h2 class=\"woocommerce-loop-product__title\">Fontaine sur table<\/h2>\n\t<span class=\"price\"><span class=\"woocommerce-Price-amount amount\"><bdi>1 208,79<span class=\"woocommerce-Price-currencySymbol\">&euro;<\/span><\/bdi><\/span> <span class=\"price-tvac\">TVAC<\/span><\/span>\n<\/a><div class=\"woocommerce-loop-product__buttons\"><a href=\"\/shop\/wp-json\/wp\/v2\/pages\/2530?add-to-cart=487\" aria-describedby=\"woocommerce_loop_add_to_cart_link_describedby_487\" data-quantity=\"1\" class=\"button product_type_simple add_to_cart_button ajax_add_to_cart\" data-product_id=\"487\" data-product_sku=\"93003F\" aria-label=\"Ajouter au panier\u00a0: &ldquo;Fontaine sur table&rdquo;\" rel=\"nofollow\" data-success_message=\"\u00ab\u00a0Fontaine sur table\u00a0\u00bb a \u00e9t\u00e9 ajout\u00e9 \u00e0 votre panier\" role=\"button\">Ajouter au panier<\/a><\/div>\t<span id=\"woocommerce_loop_add_to_cart_link_describedby_487\" class=\"screen-reader-text\">\n\t\t\t<\/span>\n<\/li>\n<li class=\"product type-product post-846 status-publish first instock product_cat-opure-water product_cat-traitement-eau has-post-thumbnail taxable shipping-taxable purchasable product-type-simple\">\n\t<a href=\"https:\/\/durlem.be\/shop\/produit\/filtre-opure-water\/\" class=\"woocommerce-LoopProduct-link woocommerce-loop-product__link\"><img loading=\"lazy\" decoding=\"async\" width=\"900\" height=\"900\" src=\"https:\/\/durlem.be\/shop\/wp-content\/uploads\/2021\/01\/opurewater-kit-new-V3-900x900.jpg\" class=\"attachment-woocommerce_thumbnail size-woocommerce_thumbnail\" alt=\"Kit O\u2019Pure Water\" srcset=\"https:\/\/durlem.be\/shop\/wp-content\/uploads\/2021\/01\/opurewater-kit-new-V3-900x900.jpg 900w, https:\/\/durlem.be\/shop\/wp-content\/uploads\/2021\/01\/opurewater-kit-new-V3-300x300.jpg 300w, https:\/\/durlem.be\/shop\/wp-content\/uploads\/2021\/01\/opurewater-kit-new-V3-150x150.jpg 150w, https:\/\/durlem.be\/shop\/wp-content\/uploads\/2021\/01\/opurewater-kit-new-V3-768x768.jpg 768w, https:\/\/durlem.be\/shop\/wp-content\/uploads\/2021\/01\/opurewater-kit-new-V3-650x650.jpg 650w, https:\/\/durlem.be\/shop\/wp-content\/uploads\/2021\/01\/opurewater-kit-new-V3-100x100.jpg 100w, https:\/\/durlem.be\/shop\/wp-content\/uploads\/2021\/01\/opurewater-kit-new-V3.jpg 945w\" sizes=\"(max-width: 900px) 100vw, 900px\" \/><h2 class=\"woocommerce-loop-product__title\">Kit O\u2019Pure Water<\/h2>\n\t<span class=\"price\"><span class=\"woocommerce-Price-amount amount\"><bdi>216,59<span class=\"woocommerce-Price-currencySymbol\">&euro;<\/span><\/bdi><\/span> <span class=\"price-tvac\">TVAC<\/span><\/span>\n<\/a><div class=\"woocommerce-loop-product__buttons\"><a href=\"\/shop\/wp-json\/wp\/v2\/pages\/2530?add-to-cart=846\" aria-describedby=\"woocommerce_loop_add_to_cart_link_describedby_846\" data-quantity=\"1\" class=\"button product_type_simple add_to_cart_button ajax_add_to_cart\" data-product_id=\"846\" data-product_sku=\"730431\" aria-label=\"Ajouter au panier\u00a0: &ldquo;Kit O\u2019Pure Water&rdquo;\" rel=\"nofollow\" data-success_message=\"\u00ab\u00a0Kit O\u2019Pure Water\u00a0\u00bb a \u00e9t\u00e9 ajout\u00e9 \u00e0 votre panier\" role=\"button\">Ajouter au panier<\/a><\/div>\t<span id=\"woocommerce_loop_add_to_cart_link_describedby_846\" class=\"screen-reader-text\">\n\t\t\t<\/span>\n<\/li>\n<li class=\"product type-product post-841 status-publish instock product_cat-osmoseur product_cat-traitement-eau has-post-thumbnail taxable shipping-taxable purchasable product-type-simple\">\n\t<a href=\"https:\/\/durlem.be\/shop\/produit\/osmoseur-infinity\/\" class=\"woocommerce-LoopProduct-link woocommerce-loop-product__link\"><img loading=\"lazy\" decoding=\"async\" width=\"900\" height=\"900\" src=\"https:\/\/durlem.be\/shop\/wp-content\/uploads\/2021\/01\/osmoseur-infinity-v2-900x900.jpg\" class=\"attachment-woocommerce_thumbnail size-woocommerce_thumbnail\" alt=\"Osmoseur Infinity\" srcset=\"https:\/\/durlem.be\/shop\/wp-content\/uploads\/2021\/01\/osmoseur-infinity-v2-900x900.jpg 900w, https:\/\/durlem.be\/shop\/wp-content\/uploads\/2021\/01\/osmoseur-infinity-v2-300x300.jpg 300w, https:\/\/durlem.be\/shop\/wp-content\/uploads\/2021\/01\/osmoseur-infinity-v2-150x150.jpg 150w, https:\/\/durlem.be\/shop\/wp-content\/uploads\/2021\/01\/osmoseur-infinity-v2-768x768.jpg 768w, https:\/\/durlem.be\/shop\/wp-content\/uploads\/2021\/01\/osmoseur-infinity-v2-650x650.jpg 650w, https:\/\/durlem.be\/shop\/wp-content\/uploads\/2021\/01\/osmoseur-infinity-v2-100x100.jpg 100w, https:\/\/durlem.be\/shop\/wp-content\/uploads\/2021\/01\/osmoseur-infinity-v2.jpg 945w\" sizes=\"(max-width: 900px) 100vw, 900px\" \/><h2 class=\"woocommerce-loop-product__title\">Osmoseur Infinity<\/h2>\n\t<span class=\"price\"><span class=\"woocommerce-Price-amount amount\"><bdi>865,15<span class=\"woocommerce-Price-currencySymbol\">&euro;<\/span><\/bdi><\/span> <span class=\"price-tvac\">TVAC<\/span><\/span>\n<\/a><div class=\"woocommerce-loop-product__buttons\"><a href=\"\/shop\/wp-json\/wp\/v2\/pages\/2530?add-to-cart=841\" aria-describedby=\"woocommerce_loop_add_to_cart_link_describedby_841\" data-quantity=\"1\" class=\"button product_type_simple add_to_cart_button ajax_add_to_cart\" data-product_id=\"841\" data-product_sku=\"9300200F\" aria-label=\"Ajouter au panier\u00a0: &ldquo;Osmoseur Infinity&rdquo;\" rel=\"nofollow\" data-success_message=\"\u00ab\u00a0Osmoseur Infinity\u00a0\u00bb a \u00e9t\u00e9 ajout\u00e9 \u00e0 votre panier\" role=\"button\">Ajouter au panier<\/a><\/div>\t<span id=\"woocommerce_loop_add_to_cart_link_describedby_841\" class=\"screen-reader-text\">\n\t\t\t<\/span>\n<\/li>\n<li class=\"product type-product post-2487 status-publish last instock product_cat-osmoseur product_cat-traitement-eau has-post-thumbnail taxable shipping-taxable purchasable product-type-simple\">\n\t<a href=\"https:\/\/durlem.be\/shop\/produit\/osmoseur-purity-max\/\" class=\"woocommerce-LoopProduct-link woocommerce-loop-product__link\"><img loading=\"lazy\" decoding=\"async\" width=\"900\" height=\"900\" src=\"https:\/\/durlem.be\/shop\/wp-content\/uploads\/2021\/01\/osmoseur-purity-max-900x900.jpg\" class=\"attachment-woocommerce_thumbnail size-woocommerce_thumbnail\" alt=\"Osmoseur Purity Max\" srcset=\"https:\/\/durlem.be\/shop\/wp-content\/uploads\/2021\/01\/osmoseur-purity-max-900x900.jpg 900w, https:\/\/durlem.be\/shop\/wp-content\/uploads\/2021\/01\/osmoseur-purity-max-300x300.jpg 300w, https:\/\/durlem.be\/shop\/wp-content\/uploads\/2021\/01\/osmoseur-purity-max-150x150.jpg 150w, https:\/\/durlem.be\/shop\/wp-content\/uploads\/2021\/01\/osmoseur-purity-max-768x768.jpg 768w, https:\/\/durlem.be\/shop\/wp-content\/uploads\/2021\/01\/osmoseur-purity-max-650x650.jpg 650w, https:\/\/durlem.be\/shop\/wp-content\/uploads\/2021\/01\/osmoseur-purity-max-100x100.jpg 100w, https:\/\/durlem.be\/shop\/wp-content\/uploads\/2021\/01\/osmoseur-purity-max.jpg 945w\" sizes=\"(max-width: 900px) 100vw, 900px\" \/><h2 class=\"woocommerce-loop-product__title\">Osmoseur Purity Max<\/h2>\n\t<span class=\"price\"><span class=\"woocommerce-Price-amount amount\"><bdi>906,29<span class=\"woocommerce-Price-currencySymbol\">&euro;<\/span><\/bdi><\/span> <span class=\"price-tvac\">TVAC<\/span><\/span>\n<\/a><div class=\"woocommerce-loop-product__buttons\"><a href=\"\/shop\/wp-json\/wp\/v2\/pages\/2530?add-to-cart=2487\" aria-describedby=\"woocommerce_loop_add_to_cart_link_describedby_2487\" data-quantity=\"1\" class=\"button product_type_simple add_to_cart_button ajax_add_to_cart\" data-product_id=\"2487\" data-product_sku=\"9300202F\" aria-label=\"Ajouter au panier\u00a0: &ldquo;Osmoseur Purity Max&rdquo;\" rel=\"nofollow\" data-success_message=\"\u00ab\u00a0Osmoseur Purity Max\u00a0\u00bb a \u00e9t\u00e9 ajout\u00e9 \u00e0 votre panier\" role=\"button\">Ajouter au panier<\/a><\/div>\t<span id=\"woocommerce_loop_add_to_cart_link_describedby_2487\" class=\"screen-reader-text\">\n\t\t\t<\/span>\n<\/li>\n<li class=\"product type-product post-2026 status-publish first instock product_cat-filtres-ultra-v product_cat-traitement-eau product_tag-fr has-post-thumbnail taxable shipping-taxable purchasable product-type-simple\">\n\t<a href=\"https:\/\/durlem.be\/shop\/produit\/filtre-ultra-v-trio-rain\/\" class=\"woocommerce-LoopProduct-link woocommerce-loop-product__link\"><img loading=\"lazy\" decoding=\"async\" width=\"900\" height=\"900\" src=\"https:\/\/durlem.be\/shop\/wp-content\/uploads\/2024\/09\/ultrav_trio-900x900.jpg\" class=\"attachment-woocommerce_thumbnail size-woocommerce_thumbnail\" alt=\"Ultra V Trio Rain LED   50lit\/Min\" srcset=\"https:\/\/durlem.be\/shop\/wp-content\/uploads\/2024\/09\/ultrav_trio-900x900.jpg 900w, https:\/\/durlem.be\/shop\/wp-content\/uploads\/2024\/09\/ultrav_trio-100x100.jpg 100w, https:\/\/durlem.be\/shop\/wp-content\/uploads\/2024\/09\/ultrav_trio-300x300.jpg 300w, https:\/\/durlem.be\/shop\/wp-content\/uploads\/2024\/09\/ultrav_trio-150x150.jpg 150w, https:\/\/durlem.be\/shop\/wp-content\/uploads\/2024\/09\/ultrav_trio-768x768.jpg 768w, https:\/\/durlem.be\/shop\/wp-content\/uploads\/2024\/09\/ultrav_trio-650x650.jpg 650w, https:\/\/durlem.be\/shop\/wp-content\/uploads\/2024\/09\/ultrav_trio.jpg 945w\" sizes=\"(max-width: 900px) 100vw, 900px\" \/><h2 class=\"woocommerce-loop-product__title\">Ultra V Trio Rain LED   50lit\/Min<\/h2>\n\t<span class=\"price\"><span class=\"woocommerce-Price-amount amount\"><bdi>1 450,79<span class=\"woocommerce-Price-currencySymbol\">&euro;<\/span><\/bdi><\/span> <span class=\"price-tvac\">TVAC<\/span><\/span>\n<\/a><div class=\"woocommerce-loop-product__buttons\"><a href=\"\/shop\/wp-json\/wp\/v2\/pages\/2530?add-to-cart=2026\" aria-describedby=\"woocommerce_loop_add_to_cart_link_describedby_2026\" data-quantity=\"1\" class=\"button product_type_simple add_to_cart_button ajax_add_to_cart\" data-product_id=\"2026\" data-product_sku=\"730410F\" aria-label=\"Ajouter au panier\u00a0: &ldquo;Ultra V Trio Rain LED   50lit\/Min&rdquo;\" rel=\"nofollow\" data-success_message=\"\u00ab\u00a0Ultra V Trio Rain LED   50lit\/Min\u00a0\u00bb a \u00e9t\u00e9 ajout\u00e9 \u00e0 votre panier\" role=\"button\">Ajouter au panier<\/a><\/div>\t<span id=\"woocommerce_loop_add_to_cart_link_describedby_2026\" class=\"screen-reader-text\">\n\t\t\t<\/span>\n<\/li>\n<\/ul>\n<\/div>\t\t\t\t<\/div>\n\t\t\t\t<\/div>\n\t\t\t\t\t<\/div>\n\t\t<\/div>\n\t\t\t\t\t<\/div>\n\t\t<\/section>\n\t\t\t\t\t<\/div>\n\t\t<\/div>\n\t\t\t\t\t<\/div>\n\t\t<\/section>\n\t\t\t\t<\/div>\n\t\t","protected":false},"excerpt":{"rendered":"<p>Rechercher Rechercher<\/p>\n","protected":false},"author":540,"featured_media":0,"parent":0,"menu_order":0,"comment_status":"closed","ping_status":"closed","template":"","meta":{"footnotes":""},"class_list":["post-2530","page","type-page","status-publish","hentry"],"_links":{"self":[{"href":"https:\/\/durlem.be\/shop\/wp-json\/wp\/v2\/pages\/2530","targetHints":{"allow":["GET"]}}],"collection":[{"href":"https:\/\/durlem.be\/shop\/wp-json\/wp\/v2\/pages"}],"about":[{"href":"https:\/\/durlem.be\/shop\/wp-json\/wp\/v2\/types\/page"}],"author":[{"embeddable":true,"href":"https:\/\/durlem.be\/shop\/wp-json\/wp\/v2\/users\/540"}],"replies":[{"embeddable":true,"href":"https:\/\/durlem.be\/shop\/wp-json\/wp\/v2\/comments?post=2530"}],"version-history":[{"count":20,"href":"https:\/\/durlem.be\/shop\/wp-json\/wp\/v2\/pages\/2530\/revisions"}],"predecessor-version":[{"id":2745,"href":"https:\/\/durlem.be\/shop\/wp-json\/wp\/v2\/pages\/2530\/revisions\/2745"}],"wp:attachment":[{"href":"https:\/\/durlem.be\/shop\/wp-json\/wp\/v2\/media?parent=2530"}],"curies":[{"name":"wp","href":"https:\/\/api.w.org\/{rel}","templated":true}]}}