{"id":158,"date":"2019-10-21T14:27:49","date_gmt":"2019-10-21T12:27:49","guid":{"rendered":"http:\/\/durlem.be\/shop\/mijn-account\/"},"modified":"2025-02-26T12:06:59","modified_gmt":"2025-02-26T11:06:59","slug":"mijn-account","status":"publish","type":"page","link":"https:\/\/durlem.be\/shop\/nl\/mijn-account\/","title":{"rendered":"Mijn account"},"content":{"rendered":"\t\t<div data-elementor-type=\"wp-page\" data-elementor-id=\"158\" class=\"elementor elementor-158 elementor-9\" data-elementor-post-type=\"page\">\n\t\t\t\t\t\t<section class=\"elementor-section elementor-top-section elementor-element elementor-element-f78cec3 elementor-section-boxed elementor-section-height-default elementor-section-height-default\" data-id=\"f78cec3\" data-element_type=\"section\">\n\t\t\t\t\t\t<div class=\"elementor-container elementor-column-gap-default\">\n\t\t\t\t\t<div class=\"elementor-column elementor-col-100 elementor-top-column elementor-element elementor-element-130caf1\" data-id=\"130caf1\" data-element_type=\"column\">\n\t\t\t<div class=\"elementor-widget-wrap elementor-element-populated\">\n\t\t\t\t\t\t<div class=\"elementor-element elementor-element-a61a5c6 elementor-widget elementor-widget-heading\" data-id=\"a61a5c6\" data-element_type=\"widget\" data-widget_type=\"heading.default\">\n\t\t\t\t<div class=\"elementor-widget-container\">\n\t\t\t\t\t<h2 class=\"elementor-heading-title elementor-size-default\">Mijn account<\/h2>\t\t\t\t<\/div>\n\t\t\t\t<\/div>\n\t\t\t\t<div class=\"elementor-element elementor-element-8c58fd3 e-my-account-tabs-vertical elementor-widget elementor-widget-woocommerce-my-account\" data-id=\"8c58fd3\" data-element_type=\"widget\" data-widget_type=\"woocommerce-my-account.default\">\n\t\t\t\t<div class=\"elementor-widget-container\">\n\t\t\t\t\t<div class=\"e-my-account-tab e-my-account-tab__ \">\t\t\t<div class=\"woocommerce\"><\/div>\t\t<\/div>\n\t\t\t\t\t\t<\/div>\n\t\t\t\t<\/div>\n\t\t\t\t\t<\/div>\n\t\t<\/div>\n\t\t\t\t\t<\/div>\n\t\t<\/section>\n\t\t\t\t<\/div>\n\t\t","protected":false},"excerpt":{"rendered":"<p>Mijn account Dashboard Bestellingen Downloads Adressen Rekeninggegevens Afmelden Bonjour info@up-studio.lu (vous n\u2019\u00eates pas info@up-studio.lu\u00a0? D\u00e9connexion) \u00c0 partir du tableau de bord de votre compte, vous pouvez visualiser vos commandes r\u00e9centes, g\u00e9rer vos adresses de livraison et de facturation ainsi que changer votre mot de passe et les d\u00e9tails de votre compte.<\/p>\n","protected":false},"author":1,"featured_media":0,"parent":0,"menu_order":0,"comment_status":"closed","ping_status":"closed","template":"","meta":{"footnotes":""},"class_list":["post-158","page","type-page","status-publish","hentry"],"_links":{"self":[{"href":"https:\/\/durlem.be\/shop\/nl\/wp-json\/wp\/v2\/pages\/158","targetHints":{"allow":["GET"]}}],"collection":[{"href":"https:\/\/durlem.be\/shop\/nl\/wp-json\/wp\/v2\/pages"}],"about":[{"href":"https:\/\/durlem.be\/shop\/nl\/wp-json\/wp\/v2\/types\/page"}],"author":[{"embeddable":true,"href":"https:\/\/durlem.be\/shop\/nl\/wp-json\/wp\/v2\/users\/1"}],"replies":[{"embeddable":true,"href":"https:\/\/durlem.be\/shop\/nl\/wp-json\/wp\/v2\/comments?post=158"}],"version-history":[{"count":22,"href":"https:\/\/durlem.be\/shop\/nl\/wp-json\/wp\/v2\/pages\/158\/revisions"}],"predecessor-version":[{"id":2988,"href":"https:\/\/durlem.be\/shop\/nl\/wp-json\/wp\/v2\/pages\/158\/revisions\/2988"}],"wp:attachment":[{"href":"https:\/\/durlem.be\/shop\/nl\/wp-json\/wp\/v2\/media?parent=158"}],"curies":[{"name":"wp","href":"https:\/\/api.w.org\/{rel}","templated":true}]}}